{"id":2,"date":"2013-12-21T20:47:43","date_gmt":"2013-12-21T20:47:43","guid":{"rendered":"http:\/\/livebandjust4fun.de\/wordpress\/?page_id=2"},"modified":"2023-02-08T19:59:23","modified_gmt":"2023-02-08T18:59:23","slug":"beispiel-seite","status":"publish","type":"page","link":"https:\/\/livebandjust4fun.de\/?page_id=2","title":{"rendered":"\u00dcber uns &#8230;"},"content":{"rendered":"<p><a href=\"http:\/\/livebandjust4fun.de\/wp-content\/uploads\/2013\/12\/14-Noten-800pixel.jpg\"><img loading=\"lazy\" decoding=\"async\" class=\" wp-image-180 alignleft\" title=\"Just4fun\" src=\"http:\/\/livebandjust4fun.de\/wp-content\/uploads\/2013\/12\/14-Noten-800pixel.jpg\" alt=\"Just4fun\" width=\"480\" height=\"343\" srcset=\"https:\/\/livebandjust4fun.de\/wp-content\/uploads\/2013\/12\/14-Noten-800pixel.jpg 800w, https:\/\/livebandjust4fun.de\/wp-content\/uploads\/2013\/12\/14-Noten-800pixel-300x214.jpg 300w, https:\/\/livebandjust4fun.de\/wp-content\/uploads\/2013\/12\/14-Noten-800pixel-210x150.jpg 210w, https:\/\/livebandjust4fun.de\/wp-content\/uploads\/2013\/12\/14-Noten-800pixel-150x107.jpg 150w\" sizes=\"auto, (max-width: 480px) 100vw, 480px\" \/><\/a>Liveband gesucht?<\/p>\n<p>Bei Just4fun sind Sie richtig. Ob f\u00fcr eine&nbsp; Hochzeit, einen Geburtstag, eine Party oder ein rauschendes, bei uns sind Sie richtig.<\/p>\n<p>Wir kommen aus Waldstetten im Ostalbkreis und gemeinsam mit unserer S\u00e4ngerin Hajni rocken wir jedes Fest.<\/p>\n<p>Unsere Programmfolge wird regelm\u00e4\u00dfig um neue aktuelle Titel erg\u00e4nzt.<\/p>\n<p>Gerne k\u00f6nnen Sie sich hier die ersten Informationen von uns einholen &#8211; anh\u00f6ren k\u00f6nnen Sie uns vorab gerne als Gast bei uns im Proberaum.<\/p>\n<p>Interessiert?&nbsp; Dann sprechen Sie mit Wolfgang.<\/p>\n<p><strong><span style=\"font-family: Arial,Helvetica,Geneva,Sans-serif,sans-serif; font-size: xx-small;\">&nbsp;<\/span><\/strong><\/p>\n","protected":false},"excerpt":{"rendered":"<p>Liveband gesucht? Bei Just4fun sind Sie richtig. Ob f\u00fcr eine&nbsp; Hochzeit, einen Geburtstag, eine Party oder ein rauschendes, bei uns sind Sie richtig. Wir kommen aus Waldstetten im Ostalbkreis und gemeinsam mit unserer S\u00e4ngerin Hajni rocken wir jedes Fest. Unsere Programmfolge wird regelm\u00e4\u00dfig um neue aktuelle Titel erg\u00e4nzt. Gerne k\u00f6nnen\u2026<\/p>\n<p class=\"continue-reading-button\"> <a class=\"continue-reading-link\" href=\"https:\/\/livebandjust4fun.de\/?page_id=2\">Continue reading<i class=\"crycon-right-dir\"><\/i><\/a><\/p>\n","protected":false},"author":1,"featured_media":0,"parent":0,"menu_order":1,"comment_status":"open","ping_status":"open","template":"templates\/template-onecolumn.php","meta":{"ngg_post_thumbnail":0,"footnotes":""},"class_list":["post-2","page","type-page","status-publish","hentry"],"yoast_head":"<!-- This site is optimized with the Yoast SEO plugin v27.5 - https:\/\/yoast.com\/product\/yoast-seo-wordpress\/ -->\n<title>\u00dcber uns ... - Liveband Just4fun<\/title>\n<meta name=\"robots\" content=\"index, follow, max-snippet:-1, max-image-preview:large, max-video-preview:-1\" \/>\n<link rel=\"canonical\" href=\"https:\/\/livebandjust4fun.de\/?page_id=2\" \/>\n<meta property=\"og:locale\" content=\"de_DE\" \/>\n<meta property=\"og:type\" content=\"article\" \/>\n<meta property=\"og:title\" content=\"\u00dcber uns ... - Liveband Just4fun\" \/>\n<meta property=\"og:description\" content=\"Liveband gesucht? Bei Just4fun sind Sie richtig. Ob f\u00fcr eine&nbsp; Hochzeit, einen Geburtstag, eine Party oder ein rauschendes, bei uns sind Sie richtig. Wir kommen aus Waldstetten im Ostalbkreis und gemeinsam mit unserer S\u00e4ngerin Hajni rocken wir jedes Fest. Unsere Programmfolge wird regelm\u00e4\u00dfig um neue aktuelle Titel erg\u00e4nzt. Gerne k\u00f6nnen\u2026 Continue reading\" \/>\n<meta property=\"og:url\" content=\"https:\/\/livebandjust4fun.de\/?page_id=2\" \/>\n<meta property=\"og:site_name\" content=\"Liveband Just4fun\" \/>\n<meta property=\"article:modified_time\" content=\"2023-02-08T18:59:23+00:00\" \/>\n<meta property=\"og:image\" content=\"http:\/\/livebandjust4fun.de\/wp-content\/uploads\/2013\/12\/14-Noten-800pixel.jpg\" \/>\n<meta name=\"twitter:card\" content=\"summary_large_image\" \/>\n<meta name=\"twitter:label1\" content=\"Gesch\u00e4tzte Lesezeit\" \/>\n\t<meta name=\"twitter:data1\" content=\"1\u00a0Minute\" \/>\n<script type=\"application\/ld+json\" class=\"yoast-schema-graph\">{\"@context\":\"https:\\\/\\\/schema.org\",\"@graph\":[{\"@type\":\"WebPage\",\"@id\":\"https:\\\/\\\/livebandjust4fun.de\\\/?page_id=2\",\"url\":\"https:\\\/\\\/livebandjust4fun.de\\\/?page_id=2\",\"name\":\"\u00dcber uns ... - Liveband Just4fun\",\"isPartOf\":{\"@id\":\"https:\\\/\\\/livebandjust4fun.de\\\/#website\"},\"primaryImageOfPage\":{\"@id\":\"https:\\\/\\\/livebandjust4fun.de\\\/?page_id=2#primaryimage\"},\"image\":{\"@id\":\"https:\\\/\\\/livebandjust4fun.de\\\/?page_id=2#primaryimage\"},\"thumbnailUrl\":\"http:\\\/\\\/livebandjust4fun.de\\\/wp-content\\\/uploads\\\/2013\\\/12\\\/14-Noten-800pixel.jpg\",\"datePublished\":\"2013-12-21T20:47:43+00:00\",\"dateModified\":\"2023-02-08T18:59:23+00:00\",\"breadcrumb\":{\"@id\":\"https:\\\/\\\/livebandjust4fun.de\\\/?page_id=2#breadcrumb\"},\"inLanguage\":\"de\",\"potentialAction\":[{\"@type\":\"ReadAction\",\"target\":[\"https:\\\/\\\/livebandjust4fun.de\\\/?page_id=2\"]}]},{\"@type\":\"ImageObject\",\"inLanguage\":\"de\",\"@id\":\"https:\\\/\\\/livebandjust4fun.de\\\/?page_id=2#primaryimage\",\"url\":\"https:\\\/\\\/livebandjust4fun.de\\\/wp-content\\\/uploads\\\/2013\\\/12\\\/14-Noten-800pixel.jpg\",\"contentUrl\":\"https:\\\/\\\/livebandjust4fun.de\\\/wp-content\\\/uploads\\\/2013\\\/12\\\/14-Noten-800pixel.jpg\",\"width\":800,\"height\":571},{\"@type\":\"BreadcrumbList\",\"@id\":\"https:\\\/\\\/livebandjust4fun.de\\\/?page_id=2#breadcrumb\",\"itemListElement\":[{\"@type\":\"ListItem\",\"position\":1,\"name\":\"Startseite\",\"item\":\"https:\\\/\\\/livebandjust4fun.de\\\/\"},{\"@type\":\"ListItem\",\"position\":2,\"name\":\"\u00dcber uns &#8230;\"}]},{\"@type\":\"WebSite\",\"@id\":\"https:\\\/\\\/livebandjust4fun.de\\\/#website\",\"url\":\"https:\\\/\\\/livebandjust4fun.de\\\/\",\"name\":\"Liveband Just4fun\",\"description\":\"25 Jahre live on Stage  since 1998\",\"potentialAction\":[{\"@type\":\"SearchAction\",\"target\":{\"@type\":\"EntryPoint\",\"urlTemplate\":\"https:\\\/\\\/livebandjust4fun.de\\\/?s={search_term_string}\"},\"query-input\":{\"@type\":\"PropertyValueSpecification\",\"valueRequired\":true,\"valueName\":\"search_term_string\"}}],\"inLanguage\":\"de\"}]}<\/script>\n<!-- \/ Yoast SEO plugin. -->","yoast_head_json":{"title":"\u00dcber uns ... - Liveband Just4fun","robots":{"index":"index","follow":"follow","max-snippet":"max-snippet:-1","max-image-preview":"max-image-preview:large","max-video-preview":"max-video-preview:-1"},"canonical":"https:\/\/livebandjust4fun.de\/?page_id=2","og_locale":"de_DE","og_type":"article","og_title":"\u00dcber uns ... - Liveband Just4fun","og_description":"Liveband gesucht? Bei Just4fun sind Sie richtig. Ob f\u00fcr eine&nbsp; Hochzeit, einen Geburtstag, eine Party oder ein rauschendes, bei uns sind Sie richtig. Wir kommen aus Waldstetten im Ostalbkreis und gemeinsam mit unserer S\u00e4ngerin Hajni rocken wir jedes Fest. Unsere Programmfolge wird regelm\u00e4\u00dfig um neue aktuelle Titel erg\u00e4nzt. Gerne k\u00f6nnen\u2026 Continue reading","og_url":"https:\/\/livebandjust4fun.de\/?page_id=2","og_site_name":"Liveband Just4fun","article_modified_time":"2023-02-08T18:59:23+00:00","og_image":[{"url":"http:\/\/livebandjust4fun.de\/wp-content\/uploads\/2013\/12\/14-Noten-800pixel.jpg","type":"","width":"","height":""}],"twitter_card":"summary_large_image","twitter_misc":{"Gesch\u00e4tzte Lesezeit":"1\u00a0Minute"},"schema":{"@context":"https:\/\/schema.org","@graph":[{"@type":"WebPage","@id":"https:\/\/livebandjust4fun.de\/?page_id=2","url":"https:\/\/livebandjust4fun.de\/?page_id=2","name":"\u00dcber uns ... - Liveband Just4fun","isPartOf":{"@id":"https:\/\/livebandjust4fun.de\/#website"},"primaryImageOfPage":{"@id":"https:\/\/livebandjust4fun.de\/?page_id=2#primaryimage"},"image":{"@id":"https:\/\/livebandjust4fun.de\/?page_id=2#primaryimage"},"thumbnailUrl":"http:\/\/livebandjust4fun.de\/wp-content\/uploads\/2013\/12\/14-Noten-800pixel.jpg","datePublished":"2013-12-21T20:47:43+00:00","dateModified":"2023-02-08T18:59:23+00:00","breadcrumb":{"@id":"https:\/\/livebandjust4fun.de\/?page_id=2#breadcrumb"},"inLanguage":"de","potentialAction":[{"@type":"ReadAction","target":["https:\/\/livebandjust4fun.de\/?page_id=2"]}]},{"@type":"ImageObject","inLanguage":"de","@id":"https:\/\/livebandjust4fun.de\/?page_id=2#primaryimage","url":"https:\/\/livebandjust4fun.de\/wp-content\/uploads\/2013\/12\/14-Noten-800pixel.jpg","contentUrl":"https:\/\/livebandjust4fun.de\/wp-content\/uploads\/2013\/12\/14-Noten-800pixel.jpg","width":800,"height":571},{"@type":"BreadcrumbList","@id":"https:\/\/livebandjust4fun.de\/?page_id=2#breadcrumb","itemListElement":[{"@type":"ListItem","position":1,"name":"Startseite","item":"https:\/\/livebandjust4fun.de\/"},{"@type":"ListItem","position":2,"name":"\u00dcber uns &#8230;"}]},{"@type":"WebSite","@id":"https:\/\/livebandjust4fun.de\/#website","url":"https:\/\/livebandjust4fun.de\/","name":"Liveband Just4fun","description":"25 Jahre live on Stage  since 1998","potentialAction":[{"@type":"SearchAction","target":{"@type":"EntryPoint","urlTemplate":"https:\/\/livebandjust4fun.de\/?s={search_term_string}"},"query-input":{"@type":"PropertyValueSpecification","valueRequired":true,"valueName":"search_term_string"}}],"inLanguage":"de"}]}},"_links":{"self":[{"href":"https:\/\/livebandjust4fun.de\/index.php?rest_route=\/wp\/v2\/pages\/2","targetHints":{"allow":["GET"]}}],"collection":[{"href":"https:\/\/livebandjust4fun.de\/index.php?rest_route=\/wp\/v2\/pages"}],"about":[{"href":"https:\/\/livebandjust4fun.de\/index.php?rest_route=\/wp\/v2\/types\/page"}],"author":[{"embeddable":true,"href":"https:\/\/livebandjust4fun.de\/index.php?rest_route=\/wp\/v2\/users\/1"}],"replies":[{"embeddable":true,"href":"https:\/\/livebandjust4fun.de\/index.php?rest_route=%2Fwp%2Fv2%2Fcomments&post=2"}],"version-history":[{"count":6,"href":"https:\/\/livebandjust4fun.de\/index.php?rest_route=\/wp\/v2\/pages\/2\/revisions"}],"predecessor-version":[{"id":971,"href":"https:\/\/livebandjust4fun.de\/index.php?rest_route=\/wp\/v2\/pages\/2\/revisions\/971"}],"wp:attachment":[{"href":"https:\/\/livebandjust4fun.de\/index.php?rest_route=%2Fwp%2Fv2%2Fmedia&parent=2"}],"curies":[{"name":"wp","href":"https:\/\/api.w.org\/{rel}","templated":true}]}}